{"id":280,"date":"2026-02-06T17:52:17","date_gmt":"2026-02-06T22:52:17","guid":{"rendered":"https:\/\/sector3svg.org\/?page_id=280"},"modified":"2026-03-10T18:00:19","modified_gmt":"2026-03-10T23:00:19","slug":"alianzas","status":"publish","type":"page","link":"https:\/\/sector3svg.org\/en\/alianzas\/","title":{"rendered":"Partnerships"},"content":{"rendered":"<div data-elementor-type=\"wp-page\" data-elementor-id=\"280\" class=\"elementor elementor-280\" data-elementor-post-type=\"page\">\n\t\t\t\t\t\t<section class=\"elementor-section elementor-top-section elementor-element elementor-element-5b8e076 elementor-section-boxed elementor-section-height-default elementor-section-height-default\" data-id=\"5b8e076\" data-element_type=\"section\" data-e-type=\"section\">\n\t\t\t\t\t\t<div class=\"elementor-container elementor-column-gap-default\">\n\t\t\t\t\t<div class=\"elementor-column elementor-col-50 elementor-top-column elementor-element elementor-element-3c891cb\" data-id=\"3c891cb\" data-element_type=\"column\" data-e-type=\"column\">\n\t\t\t<div class=\"elementor-widget-wrap elementor-element-populated\">\n\t\t\t\t\t\t<div class=\"elementor-element elementor-element-489283d elementor-widget__width-initial elementor-widget elementor-widget-image\" data-id=\"489283d\" data-element_type=\"widget\" data-e-type=\"widget\" data-widget_type=\"image.default\">\n\t\t\t\t<div class=\"elementor-widget-container\">\n\t\t\t\t\t\t\t\t\t\t\t\t\t\t\t<img fetchpriority=\"high\" decoding=\"async\" width=\"800\" height=\"261\" src=\"https:\/\/sector3svg.org\/wp-content\/uploads\/2026\/02\/Logo-Escala-long.png\" class=\"attachment-large size-large wp-image-282\" alt=\"\" srcset=\"https:\/\/sector3svg.org\/wp-content\/uploads\/2026\/02\/Logo-Escala-long.png 905w, https:\/\/sector3svg.org\/wp-content\/uploads\/2026\/02\/Logo-Escala-long-300x98.png 300w, https:\/\/sector3svg.org\/wp-content\/uploads\/2026\/02\/Logo-Escala-long-768x250.png 768w, https:\/\/sector3svg.org\/wp-content\/uploads\/2026\/02\/Logo-Escala-long-18x6.png 18w\" sizes=\"(max-width: 800px) 100vw, 800px\" \/>\t\t\t\t\t\t\t\t\t\t\t\t\t\t\t<\/div>\n\t\t\t\t<\/div>\n\t\t\t\t\t<\/div>\n\t\t<\/div>\n\t\t\t\t<div class=\"elementor-column elementor-col-50 elementor-top-column elementor-element elementor-element-e163494\" data-id=\"e163494\" data-element_type=\"column\" data-e-type=\"column\">\n\t\t\t<div class=\"elementor-widget-wrap elementor-element-populated\">\n\t\t\t\t\t\t<div class=\"elementor-element elementor-element-68e4460 elementor-widget elementor-widget-text-editor\" data-id=\"68e4460\" data-element_type=\"widget\" data-e-type=\"widget\" data-widget_type=\"text-editor.default\">\n\t\t\t\t<div class=\"elementor-widget-container\">\n\t\t\t\t\t\t\t\t\t<p>Through our partnership with ESCALA Initiative, Sector 3 SVG serves as the implementing partner of ESCALA in Latin America, a business management training program for entrepreneurs from vulnerable backgrounds, particularly women. Since 2019, ESCALA has awarded more than 2,800 scholarships to women and men entrepreneurs.\u00a0<\/p>\t\t\t\t\t\t\t\t<\/div>\n\t\t\t\t<\/div>\n\t\t\t\t\t<\/div>\n\t\t<\/div>\n\t\t\t\t\t<\/div>\n\t\t<\/section>\n\t\t\t\t<section class=\"elementor-section elementor-top-section elementor-element elementor-element-5fb370b elementor-section-boxed elementor-section-height-default elementor-section-height-default\" data-id=\"5fb370b\" data-element_type=\"section\" data-e-type=\"section\">\n\t\t\t\t\t\t<div class=\"elementor-container elementor-column-gap-default\">\n\t\t\t\t\t<div class=\"elementor-column elementor-col-50 elementor-top-column elementor-element elementor-element-0fcc42c\" data-id=\"0fcc42c\" data-element_type=\"column\" data-e-type=\"column\">\n\t\t\t<div class=\"elementor-widget-wrap elementor-element-populated\">\n\t\t\t\t\t\t<div class=\"elementor-element elementor-element-5eca716 elementor-widget__width-initial elementor-widget elementor-widget-image\" data-id=\"5eca716\" data-element_type=\"widget\" data-e-type=\"widget\" data-widget_type=\"image.default\">\n\t\t\t\t<div class=\"elementor-widget-container\">\n\t\t\t\t\t\t\t\t\t\t\t\t\t\t\t<img decoding=\"async\" width=\"626\" height=\"179\" src=\"https:\/\/sector3svg.org\/wp-content\/uploads\/2026\/02\/lbl-logo-completo.png\" class=\"attachment-large size-large wp-image-289\" alt=\"\" srcset=\"https:\/\/sector3svg.org\/wp-content\/uploads\/2026\/02\/lbl-logo-completo.png 626w, https:\/\/sector3svg.org\/wp-content\/uploads\/2026\/02\/lbl-logo-completo-300x86.png 300w, https:\/\/sector3svg.org\/wp-content\/uploads\/2026\/02\/lbl-logo-completo-18x5.png 18w\" sizes=\"(max-width: 626px) 100vw, 626px\" \/>\t\t\t\t\t\t\t\t\t\t\t\t\t\t\t<\/div>\n\t\t\t\t<\/div>\n\t\t\t\t\t<\/div>\n\t\t<\/div>\n\t\t\t\t<div class=\"elementor-column elementor-col-50 elementor-top-column elementor-element elementor-element-8b3dda8\" data-id=\"8b3dda8\" data-element_type=\"column\" data-e-type=\"column\">\n\t\t\t<div class=\"elementor-widget-wrap elementor-element-populated\">\n\t\t\t\t\t\t<div class=\"elementor-element elementor-element-c56d26c elementor-widget elementor-widget-text-editor\" data-id=\"c56d26c\" data-element_type=\"widget\" data-e-type=\"widget\" data-widget_type=\"text-editor.default\">\n\t\t\t\t<div class=\"elementor-widget-container\">\n\t\t\t\t\t\t\t\t\t<p>In 2024, Lib\u00e9lula and Sector 3 SVG implemented CRECE \u2013 a business training program for green and blue business entrepreneurs. The initiative was made possible thanks to the support of the U.S. Department of State and the World Environment Center.<\/p>\t\t\t\t\t\t\t\t<\/div>\n\t\t\t\t<\/div>\n\t\t\t\t\t<\/div>\n\t\t<\/div>\n\t\t\t\t\t<\/div>\n\t\t<\/section>\n\t\t\t\t<section class=\"elementor-section elementor-top-section elementor-element elementor-element-f34b8f1 elementor-section-boxed elementor-section-height-default elementor-section-height-default\" data-id=\"f34b8f1\" data-element_type=\"section\" data-e-type=\"section\">\n\t\t\t\t\t\t<div class=\"elementor-container elementor-column-gap-default\">\n\t\t\t\t\t<div class=\"elementor-column elementor-col-50 elementor-top-column elementor-element elementor-element-4af29a4\" data-id=\"4af29a4\" data-element_type=\"column\" data-e-type=\"column\">\n\t\t\t<div class=\"elementor-widget-wrap elementor-element-populated\">\n\t\t\t\t\t\t<div class=\"elementor-element elementor-element-d0b37ef elementor-widget__width-initial elementor-widget elementor-widget-image\" data-id=\"d0b37ef\" data-element_type=\"widget\" data-e-type=\"widget\" data-widget_type=\"image.default\">\n\t\t\t\t<div class=\"elementor-widget-container\">\n\t\t\t\t\t\t\t\t\t\t\t\t\t\t\t<img decoding=\"async\" width=\"410\" height=\"123\" src=\"https:\/\/sector3svg.org\/wp-content\/uploads\/2026\/02\/la-red-logo.png\" class=\"attachment-large size-large wp-image-290\" alt=\"\" srcset=\"https:\/\/sector3svg.org\/wp-content\/uploads\/2026\/02\/la-red-logo.png 410w, https:\/\/sector3svg.org\/wp-content\/uploads\/2026\/02\/la-red-logo-300x90.png 300w, https:\/\/sector3svg.org\/wp-content\/uploads\/2026\/02\/la-red-logo-18x5.png 18w\" sizes=\"(max-width: 410px) 100vw, 410px\" \/>\t\t\t\t\t\t\t\t\t\t\t\t\t\t\t<\/div>\n\t\t\t\t<\/div>\n\t\t\t\t\t<\/div>\n\t\t<\/div>\n\t\t\t\t<div class=\"elementor-column elementor-col-50 elementor-top-column elementor-element elementor-element-1f6a527\" data-id=\"1f6a527\" data-element_type=\"column\" data-e-type=\"column\">\n\t\t\t<div class=\"elementor-widget-wrap elementor-element-populated\">\n\t\t\t\t\t\t<div class=\"elementor-element elementor-element-f6592fa elementor-widget elementor-widget-text-editor\" data-id=\"f6592fa\" data-element_type=\"widget\" data-e-type=\"widget\" data-widget_type=\"text-editor.default\">\n\t\t\t\t<div class=\"elementor-widget-container\">\n\t\t\t\t\t\t\t\t\t<p>\u00a0Sector 3 SVG is part of the Red de Innovaci\u00f3n e Impacto (La Red). La Red is an initiative that brings together organizations\u2014both for-profit and non-profit\u2014to support micro, small, and medium-sized enterprises (MSMEs), with the goal of fostering sustainable economic growth and prosperity in Latin America and the Caribbean (LAC).\u00a0<\/p>\t\t\t\t\t\t\t\t<\/div>\n\t\t\t\t<\/div>\n\t\t\t\t\t<\/div>\n\t\t<\/div>\n\t\t\t\t\t<\/div>\n\t\t<\/section>\n\t\t\t\t<section class=\"elementor-section elementor-top-section elementor-element elementor-element-a77d578 elementor-section-boxed elementor-section-height-default elementor-section-height-default\" data-id=\"a77d578\" data-element_type=\"section\" data-e-type=\"section\">\n\t\t\t\t\t\t<div class=\"elementor-container elementor-column-gap-default\">\n\t\t\t\t\t<div class=\"elementor-column elementor-col-50 elementor-top-column elementor-element elementor-element-6435d22\" data-id=\"6435d22\" data-element_type=\"column\" data-e-type=\"column\">\n\t\t\t<div class=\"elementor-widget-wrap elementor-element-populated\">\n\t\t\t\t\t\t<div class=\"elementor-element elementor-element-5e4b8ec elementor-widget__width-initial elementor-widget elementor-widget-image\" data-id=\"5e4b8ec\" data-element_type=\"widget\" data-e-type=\"widget\" data-widget_type=\"image.default\">\n\t\t\t\t<div class=\"elementor-widget-container\">\n\t\t\t\t\t\t\t\t\t\t\t\t\t\t\t<img loading=\"lazy\" decoding=\"async\" width=\"200\" height=\"200\" src=\"https:\/\/sector3svg.org\/wp-content\/uploads\/2026\/02\/remueed-logo.jpeg\" class=\"attachment-large size-large wp-image-294\" alt=\"\" srcset=\"https:\/\/sector3svg.org\/wp-content\/uploads\/2026\/02\/remueed-logo.jpeg 200w, https:\/\/sector3svg.org\/wp-content\/uploads\/2026\/02\/remueed-logo-150x150.jpeg 150w, https:\/\/sector3svg.org\/wp-content\/uploads\/2026\/02\/remueed-logo-12x12.jpeg 12w\" sizes=\"(max-width: 200px) 100vw, 200px\" \/>\t\t\t\t\t\t\t\t\t\t\t\t\t\t\t<\/div>\n\t\t\t\t<\/div>\n\t\t\t\t\t<\/div>\n\t\t<\/div>\n\t\t\t\t<div class=\"elementor-column elementor-col-50 elementor-top-column elementor-element elementor-element-81e58b7\" data-id=\"81e58b7\" data-element_type=\"column\" data-e-type=\"column\">\n\t\t\t<div class=\"elementor-widget-wrap elementor-element-populated\">\n\t\t\t\t\t\t<div class=\"elementor-element elementor-element-c7f282a elementor-widget elementor-widget-text-editor\" data-id=\"c7f282a\" data-element_type=\"widget\" data-e-type=\"widget\" data-widget_type=\"text-editor.default\">\n\t\t\t\t<div class=\"elementor-widget-container\">\n\t\t\t\t\t\t\t\t\t<p>The Red de Mujeres Emprendedores, Empresarias y Defensoras del Bosque (REMUEED) and Sector 3 SVG maintain a partnership aimed at strengthening women\u2019s entrepreneurship, gender equity, and environmental conservation by promoting training, awareness-raising, and cooperation programs that benefit women and communities across seven Amazon regions.<\/p>\t\t\t\t\t\t\t\t<\/div>\n\t\t\t\t<\/div>\n\t\t\t\t\t<\/div>\n\t\t<\/div>\n\t\t\t\t\t<\/div>\n\t\t<\/section>\n\t\t\t\t<section class=\"elementor-section elementor-top-section elementor-element elementor-element-055f845 elementor-section-boxed elementor-section-height-default elementor-section-height-default\" data-id=\"055f845\" data-element_type=\"section\" data-e-type=\"section\">\n\t\t\t\t\t\t<div class=\"elementor-container elementor-column-gap-default\">\n\t\t\t\t\t<div class=\"elementor-column elementor-col-50 elementor-top-column elementor-element elementor-element-11682dc\" data-id=\"11682dc\" data-element_type=\"column\" data-e-type=\"column\">\n\t\t\t<div class=\"elementor-widget-wrap elementor-element-populated\">\n\t\t\t\t\t\t<div class=\"elementor-element elementor-element-7a2f716 elementor-widget__width-initial elementor-widget elementor-widget-image\" data-id=\"7a2f716\" data-element_type=\"widget\" data-e-type=\"widget\" data-widget_type=\"image.default\">\n\t\t\t\t<div class=\"elementor-widget-container\">\n\t\t\t\t\t\t\t\t\t\t\t\t\t\t\t<img loading=\"lazy\" decoding=\"async\" width=\"225\" height=\"225\" src=\"https:\/\/sector3svg.org\/wp-content\/uploads\/2026\/03\/pwc-logo.png\" class=\"attachment-large size-large wp-image-328\" alt=\"\" srcset=\"https:\/\/sector3svg.org\/wp-content\/uploads\/2026\/03\/pwc-logo.png 225w, https:\/\/sector3svg.org\/wp-content\/uploads\/2026\/03\/pwc-logo-150x150.png 150w, https:\/\/sector3svg.org\/wp-content\/uploads\/2026\/03\/pwc-logo-12x12.png 12w\" sizes=\"(max-width: 225px) 100vw, 225px\" \/>\t\t\t\t\t\t\t\t\t\t\t\t\t\t\t<\/div>\n\t\t\t\t<\/div>\n\t\t\t\t\t<\/div>\n\t\t<\/div>\n\t\t\t\t<div class=\"elementor-column elementor-col-50 elementor-top-column elementor-element elementor-element-d1953ad\" data-id=\"d1953ad\" data-element_type=\"column\" data-e-type=\"column\">\n\t\t\t<div class=\"elementor-widget-wrap elementor-element-populated\">\n\t\t\t\t\t\t<div class=\"elementor-element elementor-element-3ce6d13 elementor-widget elementor-widget-text-editor\" data-id=\"3ce6d13\" data-element_type=\"widget\" data-e-type=\"widget\" data-widget_type=\"text-editor.default\">\n\t\t\t\t<div class=\"elementor-widget-container\">\n\t\t\t\t\t\t\t\t\t<p>Sector 3 SVG maintains a partnership with PricewaterhouseCoopers (PwC). Through this collaboration, PwC provides volunteer support aimed at strengthening the capacities of women entrepreneurs <span style=\"font-size: 1rem;\">through marketing and finance advisory sessions within the ESCALA program,<\/span><span style=\"font-size: 1rem;\">&nbsp;implemented by Sector 3 SVG.<\/span><span style=\"font-size: 1rem;\">In addition, PwC professionals participate as judges in the ESCALA Seed Capital Competition.&nbsp;<\/span><\/p>\t\t\t\t\t\t\t\t<\/div>\n\t\t\t\t<\/div>\n\t\t\t\t\t<\/div>\n\t\t<\/div>\n\t\t\t\t\t<\/div>\n\t\t<\/section>\n\t\t\t\t<\/div>","protected":false},"excerpt":{"rendered":"<p>Mediante nuestra alianza con ESCALA Initiative, Sector 3 SVG es el socio implementador en Latinoam\u00e9rica de ESCALA, un programa de formaci\u00f3n en gesti\u00f3n empresarial para empendedores de entornos vulnerables, particularmente mujeres. Desde 2019, ESCALA ha otorgado m\u00e1s de 2,800 becas a empresarios y empresarias.\u00a0 En 2024, Lib\u00e9lula y Sector 3 SVG llevaron a cabo Crece [&hellip;]<\/p>\n","protected":false},"author":3,"featured_media":0,"parent":0,"menu_order":0,"comment_status":"closed","ping_status":"closed","template":"","meta":{"footnotes":""},"class_list":["post-280","page","type-page","status-publish","hentry"],"_links":{"self":[{"href":"https:\/\/sector3svg.org\/en\/wp-json\/wp\/v2\/pages\/280","targetHints":{"allow":["GET"]}}],"collection":[{"href":"https:\/\/sector3svg.org\/en\/wp-json\/wp\/v2\/pages"}],"about":[{"href":"https:\/\/sector3svg.org\/en\/wp-json\/wp\/v2\/types\/page"}],"author":[{"embeddable":true,"href":"https:\/\/sector3svg.org\/en\/wp-json\/wp\/v2\/users\/3"}],"replies":[{"embeddable":true,"href":"https:\/\/sector3svg.org\/en\/wp-json\/wp\/v2\/comments?post=280"}],"version-history":[{"count":31,"href":"https:\/\/sector3svg.org\/en\/wp-json\/wp\/v2\/pages\/280\/revisions"}],"predecessor-version":[{"id":338,"href":"https:\/\/sector3svg.org\/en\/wp-json\/wp\/v2\/pages\/280\/revisions\/338"}],"wp:attachment":[{"href":"https:\/\/sector3svg.org\/en\/wp-json\/wp\/v2\/media?parent=280"}],"curies":[{"name":"wp","href":"https:\/\/api.w.org\/{rel}","templated":true}]}}