{"id":16,"date":"2024-07-18T14:07:16","date_gmt":"2024-07-18T19:07:16","guid":{"rendered":"http:\/\/216.246.46.50\/~mqzgkvjg\/?page_id=16"},"modified":"2026-03-30T12:18:08","modified_gmt":"2026-03-30T17:18:08","slug":"about-us","status":"publish","type":"page","link":"https:\/\/sector3svg.org\/en\/about-us\/","title":{"rendered":"About Us"},"content":{"rendered":"<div data-elementor-type=\"wp-page\" data-elementor-id=\"16\" class=\"elementor elementor-16\" data-elementor-post-type=\"page\">\n\t\t\t\t\t\t<section class=\"elementor-section elementor-top-section elementor-element elementor-element-66cb3ec elementor-section-boxed elementor-section-height-default elementor-section-height-default\" data-id=\"66cb3ec\" data-element_type=\"section\" data-e-type=\"section\">\n\t\t\t\t\t\t<div class=\"elementor-container elementor-column-gap-default\">\n\t\t\t\t\t<div class=\"elementor-column elementor-col-100 elementor-top-column elementor-element elementor-element-f6d49af\" data-id=\"f6d49af\" data-element_type=\"column\" data-e-type=\"column\">\n\t\t\t<div class=\"elementor-widget-wrap elementor-element-populated\">\n\t\t\t\t\t\t<div class=\"elementor-element elementor-element-d43460b elementor-widget elementor-widget-heading\" data-id=\"d43460b\" data-element_type=\"widget\" data-e-type=\"widget\" data-widget_type=\"heading.default\">\n\t\t\t\t<div class=\"elementor-widget-container\">\n\t\t\t\t\t<p class=\"elementor-heading-title elementor-size-default\">About Sector 3 SVG<\/p>\t\t\t\t<\/div>\n\t\t\t\t<\/div>\n\t\t\t\t<div class=\"elementor-element elementor-element-e03ad6b elementor-widget elementor-widget-text-editor\" data-id=\"e03ad6b\" data-element_type=\"widget\" data-e-type=\"widget\" data-widget_type=\"text-editor.default\">\n\t\t\t\t<div class=\"elementor-widget-container\">\n\t\t\t\t\t\t\t\t\t<p class=\"font_8 wixui-rich-text__text\"><span class=\"wixui-rich-text__text\">Sector 3 SVG is a non-profit organization that promotes the economic and social development of vulnerable sectors in Latin america.<\/span><\/p><p class=\"font_8 wixui-rich-text__text\"><span class=\"wixui-rich-text__text\">We know the positive impact of the economic empowerment of women, and we focus our efforts on initiatives to improve the management and innovation of start-ups led by women.<\/span><\/p><p class=\"font_8 wixui-rich-text__text\"><span class=\"wixui-rich-text__text\">Currently, we are under\u00a0<strong>FOUR LINES OF ACTION:<\/strong><\/span><\/p>\t\t\t\t\t\t\t\t<\/div>\n\t\t\t\t<\/div>\n\t\t\t\t<section class=\"elementor-section elementor-inner-section elementor-element elementor-element-3e782f3 elementor-section-boxed elementor-section-height-default elementor-section-height-default\" data-id=\"3e782f3\" data-element_type=\"section\" data-e-type=\"section\">\n\t\t\t\t\t\t<div class=\"elementor-container elementor-column-gap-default\">\n\t\t\t\t\t<div class=\"elementor-column elementor-col-50 elementor-inner-column elementor-element elementor-element-bd73837\" data-id=\"bd73837\" data-element_type=\"column\" data-e-type=\"column\">\n\t\t\t<div class=\"elementor-widget-wrap elementor-element-populated\">\n\t\t\t\t\t\t<div class=\"elementor-element elementor-element-020ad30 elementor-widget elementor-widget-heading\" data-id=\"020ad30\" data-element_type=\"widget\" data-e-type=\"widget\" data-widget_type=\"heading.default\">\n\t\t\t\t<div class=\"elementor-widget-container\">\n\t\t\t\t\t<p class=\"elementor-heading-title elementor-size-default\">Strengthening the capacity of business management<\/p>\t\t\t\t<\/div>\n\t\t\t\t<\/div>\n\t\t\t\t<div class=\"elementor-element elementor-element-6b4bd9a elementor-widget elementor-widget-heading\" data-id=\"6b4bd9a\" data-element_type=\"widget\" data-e-type=\"widget\" data-widget_type=\"heading.default\">\n\t\t\t\t<div class=\"elementor-widget-container\">\n\t\t\t\t\t<p class=\"elementor-heading-title elementor-size-default\">Generation of networking, strategic<\/p>\t\t\t\t<\/div>\n\t\t\t\t<\/div>\n\t\t\t\t\t<\/div>\n\t\t<\/div>\n\t\t\t\t<div class=\"elementor-column elementor-col-50 elementor-inner-column elementor-element elementor-element-b8dde9a\" data-id=\"b8dde9a\" data-element_type=\"column\" data-e-type=\"column\">\n\t\t\t<div class=\"elementor-widget-wrap elementor-element-populated\">\n\t\t\t\t\t\t<div class=\"elementor-element elementor-element-98461e9 elementor-widget elementor-widget-heading\" data-id=\"98461e9\" data-element_type=\"widget\" data-e-type=\"widget\" data-widget_type=\"heading.default\">\n\t\t\t\t<div class=\"elementor-widget-container\">\n\t\t\t\t\t<p class=\"elementor-heading-title elementor-size-default\">Promotion of access to local and international markets<\/p>\t\t\t\t<\/div>\n\t\t\t\t<\/div>\n\t\t\t\t<div class=\"elementor-element elementor-element-ec47239 elementor-widget elementor-widget-heading\" data-id=\"ec47239\" data-element_type=\"widget\" data-e-type=\"widget\" data-widget_type=\"heading.default\">\n\t\t\t\t<div class=\"elementor-widget-container\">\n\t\t\t\t\t<p class=\"elementor-heading-title elementor-size-default\">Facilitating access to conventional financing, and alternative<\/p>\t\t\t\t<\/div>\n\t\t\t\t<\/div>\n\t\t\t\t\t<\/div>\n\t\t<\/div>\n\t\t\t\t\t<\/div>\n\t\t<\/section>\n\t\t\t\t<div class=\"elementor-element elementor-element-d6f9325 elementor-widget elementor-widget-text-editor\" data-id=\"d6f9325\" data-element_type=\"widget\" data-e-type=\"widget\" data-widget_type=\"text-editor.default\">\n\t\t\t\t<div class=\"elementor-widget-container\">\n\t\t\t\t\t\t\t\t\t<p class=\"font_8 wixui-rich-text__text\">Through various<strong><span class=\"wixui-rich-text__text\">\u00a0WORKING PLATFORMS:<\/span><\/strong><\/p>\t\t\t\t\t\t\t\t<\/div>\n\t\t\t\t<\/div>\n\t\t\t\t<section class=\"elementor-section elementor-inner-section elementor-element elementor-element-8be825d elementor-section-boxed elementor-section-height-default elementor-section-height-default\" data-id=\"8be825d\" data-element_type=\"section\" data-e-type=\"section\">\n\t\t\t\t\t\t<div class=\"elementor-container elementor-column-gap-default\">\n\t\t\t\t\t<div class=\"elementor-column elementor-col-50 elementor-inner-column elementor-element elementor-element-5072c0f\" data-id=\"5072c0f\" data-element_type=\"column\" data-e-type=\"column\">\n\t\t\t<div class=\"elementor-widget-wrap elementor-element-populated\">\n\t\t\t\t\t\t<div class=\"elementor-element elementor-element-968dd41 elementor-widget__width-initial elementor-widget elementor-widget-image\" data-id=\"968dd41\" data-element_type=\"widget\" data-e-type=\"widget\" data-widget_type=\"image.default\">\n\t\t\t\t<div class=\"elementor-widget-container\">\n\t\t\t\t\t\t\t\t\t\t\t\t\t\t\t<img fetchpriority=\"high\" decoding=\"async\" width=\"512\" height=\"512\" src=\"https:\/\/sector3svg.org\/wp-content\/uploads\/2026\/03\/project_7980641.png\" class=\"attachment-full size-full wp-image-347\" alt=\"\" srcset=\"https:\/\/sector3svg.org\/wp-content\/uploads\/2026\/03\/project_7980641.png 512w, https:\/\/sector3svg.org\/wp-content\/uploads\/2026\/03\/project_7980641-300x300.png 300w, https:\/\/sector3svg.org\/wp-content\/uploads\/2026\/03\/project_7980641-150x150.png 150w, https:\/\/sector3svg.org\/wp-content\/uploads\/2026\/03\/project_7980641-12x12.png 12w\" sizes=\"(max-width: 512px) 100vw, 512px\" \/>\t\t\t\t\t\t\t\t\t\t\t\t\t\t\t<\/div>\n\t\t\t\t<\/div>\n\t\t\t\t\t<\/div>\n\t\t<\/div>\n\t\t\t\t<div class=\"elementor-column elementor-col-50 elementor-inner-column elementor-element elementor-element-387627a\" data-id=\"387627a\" data-element_type=\"column\" data-e-type=\"column\">\n\t\t\t<div class=\"elementor-widget-wrap elementor-element-populated\">\n\t\t\t\t\t\t<div class=\"elementor-element elementor-element-f346813 elementor-widget elementor-widget-text-editor\" data-id=\"f346813\" data-element_type=\"widget\" data-e-type=\"widget\" data-widget_type=\"text-editor.default\">\n\t\t\t\t<div class=\"elementor-widget-container\">\n\t\t\t\t\t\t\t\t\t<p class=\"font_8 wixui-rich-text__text\"><strong><span class=\"wixui-rich-text__text\">CONSULTING FOR DEVELOPMENT PROJECTS<\/span><\/strong><\/p><p class=\"font_8 wixui-rich-text__text\"><span class=\"wixui-rich-text__text\">Design, execution and evaluation of projects of economic and social development. We work in coordination with entities of international cooperation, government agencies and other development actors.<\/span><\/p>\t\t\t\t\t\t\t\t<\/div>\n\t\t\t\t<\/div>\n\t\t\t\t\t<\/div>\n\t\t<\/div>\n\t\t\t\t\t<\/div>\n\t\t<\/section>\n\t\t\t\t<section class=\"elementor-section elementor-inner-section elementor-element elementor-element-e0664bc elementor-section-boxed elementor-section-height-default elementor-section-height-default\" data-id=\"e0664bc\" data-element_type=\"section\" data-e-type=\"section\">\n\t\t\t\t\t\t<div class=\"elementor-container elementor-column-gap-default\">\n\t\t\t\t\t<div class=\"elementor-column elementor-col-50 elementor-inner-column elementor-element elementor-element-ef1bf34\" data-id=\"ef1bf34\" data-element_type=\"column\" data-e-type=\"column\">\n\t\t\t<div class=\"elementor-widget-wrap elementor-element-populated\">\n\t\t\t\t\t\t<div class=\"elementor-element elementor-element-2e962d4 elementor-widget elementor-widget-image\" data-id=\"2e962d4\" data-element_type=\"widget\" data-e-type=\"widget\" data-widget_type=\"image.default\">\n\t\t\t\t<div class=\"elementor-widget-container\">\n\t\t\t\t\t\t\t\t\t\t\t\t\t\t\t<img decoding=\"async\" width=\"150\" height=\"150\" src=\"https:\/\/sector3svg.org\/wp-content\/uploads\/2026\/03\/pngtree-project-management-line-icon-png-image_9137897-150x150.png\" class=\"attachment-thumbnail size-thumbnail wp-image-341\" alt=\"\" srcset=\"https:\/\/sector3svg.org\/wp-content\/uploads\/2026\/03\/pngtree-project-management-line-icon-png-image_9137897-150x150.png 150w, https:\/\/sector3svg.org\/wp-content\/uploads\/2026\/03\/pngtree-project-management-line-icon-png-image_9137897-300x300.png 300w, https:\/\/sector3svg.org\/wp-content\/uploads\/2026\/03\/pngtree-project-management-line-icon-png-image_9137897-1024x1024.png 1024w, https:\/\/sector3svg.org\/wp-content\/uploads\/2026\/03\/pngtree-project-management-line-icon-png-image_9137897-768x768.png 768w, https:\/\/sector3svg.org\/wp-content\/uploads\/2026\/03\/pngtree-project-management-line-icon-png-image_9137897-12x12.png 12w, https:\/\/sector3svg.org\/wp-content\/uploads\/2026\/03\/pngtree-project-management-line-icon-png-image_9137897.png 1200w\" sizes=\"(max-width: 150px) 100vw, 150px\" \/>\t\t\t\t\t\t\t\t\t\t\t\t\t\t\t<\/div>\n\t\t\t\t<\/div>\n\t\t\t\t\t<\/div>\n\t\t<\/div>\n\t\t\t\t<div class=\"elementor-column elementor-col-50 elementor-inner-column elementor-element elementor-element-63a9744\" data-id=\"63a9744\" data-element_type=\"column\" data-e-type=\"column\">\n\t\t\t<div class=\"elementor-widget-wrap elementor-element-populated\">\n\t\t\t\t\t\t<div class=\"elementor-element elementor-element-9621f6c elementor-widget elementor-widget-text-editor\" data-id=\"9621f6c\" data-element_type=\"widget\" data-e-type=\"widget\" data-widget_type=\"text-editor.default\">\n\t\t\t\t<div class=\"elementor-widget-container\">\n\t\t\t\t\t\t\t\t\t<p class=\"font_8 wixui-rich-text__text\"><strong><span class=\"wixui-rich-text__text\">PROGRAM MANAGEMENT<\/span><\/strong><\/p><p class=\"p1\">Planning, coordination, and monitoring of programs aimed at economic and social development. We bring together teams, resources, and strategic partners to ensure efficient implementation, the achievement of objectives, and the generation of sustainable results in the territories where we operate.<\/p>\t\t\t\t\t\t\t\t<\/div>\n\t\t\t\t<\/div>\n\t\t\t\t\t<\/div>\n\t\t<\/div>\n\t\t\t\t\t<\/div>\n\t\t<\/section>\n\t\t\t\t<section class=\"elementor-section elementor-inner-section elementor-element elementor-element-421693f elementor-section-boxed elementor-section-height-default elementor-section-height-default\" data-id=\"421693f\" data-element_type=\"section\" data-e-type=\"section\">\n\t\t\t\t\t\t<div class=\"elementor-container elementor-column-gap-default\">\n\t\t\t\t\t<div class=\"elementor-column elementor-col-50 elementor-inner-column elementor-element elementor-element-dfafe36\" data-id=\"dfafe36\" data-element_type=\"column\" data-e-type=\"column\">\n\t\t\t<div class=\"elementor-widget-wrap elementor-element-populated\">\n\t\t\t\t\t\t<div class=\"elementor-element elementor-element-a09ec22 elementor-widget elementor-widget-image\" data-id=\"a09ec22\" data-element_type=\"widget\" data-e-type=\"widget\" data-widget_type=\"image.default\">\n\t\t\t\t<div class=\"elementor-widget-container\">\n\t\t\t\t\t\t\t\t\t\t\t\t\t\t\t<img decoding=\"async\" width=\"150\" height=\"150\" src=\"https:\/\/sector3svg.org\/wp-content\/uploads\/2026\/03\/pngtree-research-line-icon-png-image_9093782-150x150.png\" class=\"attachment-thumbnail size-thumbnail wp-image-342\" alt=\"\" srcset=\"https:\/\/sector3svg.org\/wp-content\/uploads\/2026\/03\/pngtree-research-line-icon-png-image_9093782-150x150.png 150w, https:\/\/sector3svg.org\/wp-content\/uploads\/2026\/03\/pngtree-research-line-icon-png-image_9093782-300x300.png 300w, https:\/\/sector3svg.org\/wp-content\/uploads\/2026\/03\/pngtree-research-line-icon-png-image_9093782-1024x1024.png 1024w, https:\/\/sector3svg.org\/wp-content\/uploads\/2026\/03\/pngtree-research-line-icon-png-image_9093782-768x768.png 768w, https:\/\/sector3svg.org\/wp-content\/uploads\/2026\/03\/pngtree-research-line-icon-png-image_9093782-12x12.png 12w, https:\/\/sector3svg.org\/wp-content\/uploads\/2026\/03\/pngtree-research-line-icon-png-image_9093782.png 1200w\" sizes=\"(max-width: 150px) 100vw, 150px\" \/>\t\t\t\t\t\t\t\t\t\t\t\t\t\t\t<\/div>\n\t\t\t\t<\/div>\n\t\t\t\t\t<\/div>\n\t\t<\/div>\n\t\t\t\t<div class=\"elementor-column elementor-col-50 elementor-inner-column elementor-element elementor-element-a0fb6c4\" data-id=\"a0fb6c4\" data-element_type=\"column\" data-e-type=\"column\">\n\t\t\t<div class=\"elementor-widget-wrap elementor-element-populated\">\n\t\t\t\t\t\t<div class=\"elementor-element elementor-element-2b72ea1 elementor-widget elementor-widget-text-editor\" data-id=\"2b72ea1\" data-element_type=\"widget\" data-e-type=\"widget\" data-widget_type=\"text-editor.default\">\n\t\t\t\t<div class=\"elementor-widget-container\">\n\t\t\t\t\t\t\t\t\t<p class=\"font_8 wixui-rich-text__text\"><strong><span class=\"wixui-rich-text__text\">RESEARCH<\/span><\/strong><\/p><p class=\"p1\">Research applied to development.<\/p>\t\t\t\t\t\t\t\t<\/div>\n\t\t\t\t<\/div>\n\t\t\t\t\t<\/div>\n\t\t<\/div>\n\t\t\t\t\t<\/div>\n\t\t<\/section>\n\t\t\t\t<div class=\"elementor-element elementor-element-585d92e elementor-widget elementor-widget-heading\" data-id=\"585d92e\" data-element_type=\"widget\" data-e-type=\"widget\" data-widget_type=\"heading.default\">\n\t\t\t\t<div class=\"elementor-widget-container\">\n\t\t\t\t\t<p class=\"elementor-heading-title elementor-size-default\">OUR MAIN RESULTS<\/p>\t\t\t\t<\/div>\n\t\t\t\t<\/div>\n\t\t\t\t<section class=\"elementor-section elementor-inner-section elementor-element elementor-element-badded4 elementor-section-boxed elementor-section-height-default elementor-section-height-default\" data-id=\"badded4\" data-element_type=\"section\" data-e-type=\"section\">\n\t\t\t\t\t\t<div class=\"elementor-container elementor-column-gap-default\">\n\t\t\t\t\t<div class=\"elementor-column elementor-col-25 elementor-inner-column elementor-element elementor-element-464a90b\" data-id=\"464a90b\" data-element_type=\"column\" data-e-type=\"column\">\n\t\t\t<div class=\"elementor-widget-wrap elementor-element-populated\">\n\t\t\t\t\t\t<div class=\"elementor-element elementor-element-3b1dbda elementor-widget elementor-widget-heading\" data-id=\"3b1dbda\" data-element_type=\"widget\" data-e-type=\"widget\" data-widget_type=\"heading.default\">\n\t\t\t\t<div class=\"elementor-widget-container\">\n\t\t\t\t\t<p class=\"elementor-heading-title elementor-size-default\">Run<\/p>\t\t\t\t<\/div>\n\t\t\t\t<\/div>\n\t\t\t\t<div class=\"elementor-element elementor-element-c76dd88 elementor-widget elementor-widget-image\" data-id=\"c76dd88\" data-element_type=\"widget\" data-e-type=\"widget\" data-widget_type=\"image.default\">\n\t\t\t\t<div class=\"elementor-widget-container\">\n\t\t\t\t\t\t\t\t\t\t\t\t\t\t\t<img loading=\"lazy\" decoding=\"async\" width=\"82\" height=\"82\" src=\"https:\/\/sector3svg.org\/wp-content\/uploads\/2024\/07\/4e404c_c87a16adcb284eac90b8e8fc4647cab3mv2.png\" class=\"attachment-full size-full wp-image-84\" alt=\"\" \/>\t\t\t\t\t\t\t\t\t\t\t\t\t\t\t<\/div>\n\t\t\t\t<\/div>\n\t\t\t\t<div class=\"elementor-element elementor-element-f0ef9bb elementor-widget elementor-widget-heading\" data-id=\"f0ef9bb\" data-element_type=\"widget\" data-e-type=\"widget\" data-widget_type=\"heading.default\">\n\t\t\t\t<div class=\"elementor-widget-container\">\n\t\t\t\t\t<p class=\"elementor-heading-title elementor-size-default\">20<\/p>\t\t\t\t<\/div>\n\t\t\t\t<\/div>\n\t\t\t\t<div class=\"elementor-element elementor-element-bb067eb elementor-widget elementor-widget-heading\" data-id=\"bb067eb\" data-element_type=\"widget\" data-e-type=\"widget\" data-widget_type=\"heading.default\">\n\t\t\t\t<div class=\"elementor-widget-container\">\n\t\t\t\t\t<p class=\"elementor-heading-title elementor-size-default\">initiatives for development in Latin America<\/p>\t\t\t\t<\/div>\n\t\t\t\t<\/div>\n\t\t\t\t\t<\/div>\n\t\t<\/div>\n\t\t\t\t<div class=\"elementor-column elementor-col-25 elementor-inner-column elementor-element elementor-element-5513125\" data-id=\"5513125\" data-element_type=\"column\" data-e-type=\"column\">\n\t\t\t<div class=\"elementor-widget-wrap elementor-element-populated\">\n\t\t\t\t\t\t<div class=\"elementor-element elementor-element-3780935 elementor-widget elementor-widget-image\" data-id=\"3780935\" data-element_type=\"widget\" data-e-type=\"widget\" data-widget_type=\"image.default\">\n\t\t\t\t<div class=\"elementor-widget-container\">\n\t\t\t\t\t\t\t\t\t\t\t\t\t\t\t<img loading=\"lazy\" decoding=\"async\" width=\"79\" height=\"54\" src=\"https:\/\/sector3svg.org\/wp-content\/uploads\/2024\/07\/4e404c_43a4450c90a94cc88f33f6804e376783mv2.png\" class=\"attachment-large size-large wp-image-77\" alt=\"\" \/>\t\t\t\t\t\t\t\t\t\t\t\t\t\t\t<\/div>\n\t\t\t\t<\/div>\n\t\t\t\t<div class=\"elementor-element elementor-element-f413ad4 elementor-widget elementor-widget-heading\" data-id=\"f413ad4\" data-element_type=\"widget\" data-e-type=\"widget\" data-widget_type=\"heading.default\">\n\t\t\t\t<div class=\"elementor-widget-container\">\n\t\t\t\t\t<p class=\"elementor-heading-title elementor-size-default\">3162<\/p>\t\t\t\t<\/div>\n\t\t\t\t<\/div>\n\t\t\t\t<div class=\"elementor-element elementor-element-fc4b951 elementor-widget elementor-widget-heading\" data-id=\"fc4b951\" data-element_type=\"widget\" data-e-type=\"widget\" data-widget_type=\"heading.default\">\n\t\t\t\t<div class=\"elementor-widget-container\">\n\t\t\t\t\t<p class=\"elementor-heading-title elementor-size-default\">Direct beneficiaries of our programs<\/p>\t\t\t\t<\/div>\n\t\t\t\t<\/div>\n\t\t\t\t\t<\/div>\n\t\t<\/div>\n\t\t\t\t<div class=\"elementor-column elementor-col-25 elementor-inner-column elementor-element elementor-element-c10afb2\" data-id=\"c10afb2\" data-element_type=\"column\" data-e-type=\"column\">\n\t\t\t<div class=\"elementor-widget-wrap elementor-element-populated\">\n\t\t\t\t\t\t<div class=\"elementor-element elementor-element-d4fedf4 elementor-widget elementor-widget-heading\" data-id=\"d4fedf4\" data-element_type=\"widget\" data-e-type=\"widget\" data-widget_type=\"heading.default\">\n\t\t\t\t<div class=\"elementor-widget-container\">\n\t\t\t\t\t<p class=\"elementor-heading-title elementor-size-default\">Managed budget (accumulated)<\/p>\t\t\t\t<\/div>\n\t\t\t\t<\/div>\n\t\t\t\t<div class=\"elementor-element elementor-element-23ded2e elementor-widget elementor-widget-image\" data-id=\"23ded2e\" data-element_type=\"widget\" data-e-type=\"widget\" data-widget_type=\"image.default\">\n\t\t\t\t<div class=\"elementor-widget-container\">\n\t\t\t\t\t\t\t\t\t\t\t\t\t\t\t<img loading=\"lazy\" decoding=\"async\" width=\"64\" height=\"64\" src=\"https:\/\/sector3svg.org\/wp-content\/uploads\/2024\/07\/4e404c_94ccabf5ea6a4f4f8b325450f264d1dfmv2.png\" class=\"attachment-large size-large wp-image-78\" alt=\"\" \/>\t\t\t\t\t\t\t\t\t\t\t\t\t\t\t<\/div>\n\t\t\t\t<\/div>\n\t\t\t\t<div class=\"elementor-element elementor-element-c1ac9c1 elementor-widget elementor-widget-heading\" data-id=\"c1ac9c1\" data-element_type=\"widget\" data-e-type=\"widget\" data-widget_type=\"heading.default\">\n\t\t\t\t<div class=\"elementor-widget-container\">\n\t\t\t\t\t<p class=\"elementor-heading-title elementor-size-default\">USD $ \n4,500,000<\/p>\t\t\t\t<\/div>\n\t\t\t\t<\/div>\n\t\t\t\t\t<\/div>\n\t\t<\/div>\n\t\t\t\t<div class=\"elementor-column elementor-col-25 elementor-inner-column elementor-element elementor-element-587afd0\" data-id=\"587afd0\" data-element_type=\"column\" data-e-type=\"column\">\n\t\t\t<div class=\"elementor-widget-wrap elementor-element-populated\">\n\t\t\t\t\t\t<div class=\"elementor-element elementor-element-0e293be elementor-widget elementor-widget-heading\" data-id=\"0e293be\" data-element_type=\"widget\" data-e-type=\"widget\" data-widget_type=\"heading.default\">\n\t\t\t\t<div class=\"elementor-widget-container\">\n\t\t\t\t\t<p class=\"elementor-heading-title elementor-size-default\">Alliances with<\/p>\t\t\t\t<\/div>\n\t\t\t\t<\/div>\n\t\t\t\t<div class=\"elementor-element elementor-element-4cdeffc elementor-widget elementor-widget-image\" data-id=\"4cdeffc\" data-element_type=\"widget\" data-e-type=\"widget\" data-widget_type=\"image.default\">\n\t\t\t\t<div class=\"elementor-widget-container\">\n\t\t\t\t\t\t\t\t\t\t\t\t\t\t\t<img loading=\"lazy\" decoding=\"async\" width=\"69\" height=\"70\" src=\"https:\/\/sector3svg.org\/wp-content\/uploads\/2024\/07\/4e404c_a97953ba8be349788e62f5909573f0a5mv2.jpg\" class=\"attachment-large size-large wp-image-81\" alt=\"\" \/>\t\t\t\t\t\t\t\t\t\t\t\t\t\t\t<\/div>\n\t\t\t\t<\/div>\n\t\t\t\t<div class=\"elementor-element elementor-element-80da782 elementor-widget elementor-widget-heading\" data-id=\"80da782\" data-element_type=\"widget\" data-e-type=\"widget\" data-widget_type=\"heading.default\">\n\t\t\t\t<div class=\"elementor-widget-container\">\n\t\t\t\t\t<p class=\"elementor-heading-title elementor-size-default\">37<\/p>\t\t\t\t<\/div>\n\t\t\t\t<\/div>\n\t\t\t\t<div class=\"elementor-element elementor-element-acc1bab elementor-widget elementor-widget-heading\" data-id=\"acc1bab\" data-element_type=\"widget\" data-e-type=\"widget\" data-widget_type=\"heading.default\">\n\t\t\t\t<div class=\"elementor-widget-container\">\n\t\t\t\t\t<p class=\"elementor-heading-title elementor-size-default\">strategic partners<\/p>\t\t\t\t<\/div>\n\t\t\t\t<\/div>\n\t\t\t\t\t<\/div>\n\t\t<\/div>\n\t\t\t\t\t<\/div>\n\t\t<\/section>\n\t\t\t\t\t<\/div>\n\t\t<\/div>\n\t\t\t\t\t<\/div>\n\t\t<\/section>\n\t\t\t\t<\/div>","protected":false},"excerpt":{"rendered":"<p>Acerca de Sector 3 SVG Sector 3 SVG es una organizaci\u00f3n sin fines de lucro que promueve el desarrollo econ\u00f3mico y social de sectores vulnerables en Latinoam\u00e9rica. Conocemos el impacto positivo del empoderamiento econ\u00f3mico de la mujer y enfocamos nuestros esfuerzos en fomentar iniciativas para mejorar la gesti\u00f3n e innovaci\u00f3n de emprendimientos liderados por mujeres. [&hellip;]<\/p>\n","protected":false},"author":1,"featured_media":0,"parent":0,"menu_order":0,"comment_status":"closed","ping_status":"closed","template":"elementor_header_footer","meta":{"footnotes":""},"class_list":["post-16","page","type-page","status-publish","hentry"],"_links":{"self":[{"href":"https:\/\/sector3svg.org\/en\/wp-json\/wp\/v2\/pages\/16","targetHints":{"allow":["GET"]}}],"collection":[{"href":"https:\/\/sector3svg.org\/en\/wp-json\/wp\/v2\/pages"}],"about":[{"href":"https:\/\/sector3svg.org\/en\/wp-json\/wp\/v2\/types\/page"}],"author":[{"embeddable":true,"href":"https:\/\/sector3svg.org\/en\/wp-json\/wp\/v2\/users\/1"}],"replies":[{"embeddable":true,"href":"https:\/\/sector3svg.org\/en\/wp-json\/wp\/v2\/comments?post=16"}],"version-history":[{"count":22,"href":"https:\/\/sector3svg.org\/en\/wp-json\/wp\/v2\/pages\/16\/revisions"}],"predecessor-version":[{"id":351,"href":"https:\/\/sector3svg.org\/en\/wp-json\/wp\/v2\/pages\/16\/revisions\/351"}],"wp:attachment":[{"href":"https:\/\/sector3svg.org\/en\/wp-json\/wp\/v2\/media?parent=16"}],"curies":[{"name":"wp","href":"https:\/\/api.w.org\/{rel}","templated":true}]}}